{"id":739,"date":"2024-09-12T13:23:09","date_gmt":"2024-09-12T11:23:09","guid":{"rendered":"https:\/\/hotelramstein.fr\/kontakt\/"},"modified":"2025-11-04T12:16:19","modified_gmt":"2025-11-04T11:16:19","slug":"kontakt","status":"publish","type":"page","link":"https:\/\/hotelramstein.fr\/de\/kontakt\/","title":{"rendered":"Kontakt"},"content":{"rendered":"\t\t<div data-elementor-type=\"wp-page\" data-elementor-id=\"739\" class=\"elementor elementor-739 elementor-389\" data-elementor-post-type=\"page\">\n\t\t\t\t\t\t<section class=\"elementor-section elementor-top-section elementor-element elementor-element-dc22995 elementor-section-height-min-height elementor-section-full_width elementor-section-items-stretch elementor-section-content-middle elementor-section-height-default\" data-id=\"dc22995\" data-element_type=\"section\" data-e-type=\"section\" data-settings=\"{&quot;background_motion_fx_mouseTrack_effect&quot;:&quot;yes&quot;,&quot;background_motion_fx_mouseTrack_speed&quot;:{&quot;unit&quot;:&quot;px&quot;,&quot;size&quot;:0.15,&quot;sizes&quot;:[]}}\">\n\t\t\t\t\t\t<div class=\"elementor-container elementor-column-gap-default\">\n\t\t\t\t\t<div class=\"elementor-column elementor-col-100 elementor-top-column elementor-element elementor-element-355c60c elementor-invisible\" data-id=\"355c60c\" data-element_type=\"column\" data-e-type=\"column\" data-settings=\"{&quot;background_background&quot;:&quot;classic&quot;,&quot;animation&quot;:&quot;fadeIn&quot;,&quot;background_motion_fx_motion_fx_mouse&quot;:&quot;yes&quot;,&quot;background_motion_fx_mouseTrack_effect&quot;:&quot;yes&quot;,&quot;background_motion_fx_mouseTrack_speed&quot;:{&quot;unit&quot;:&quot;px&quot;,&quot;size&quot;:0.25,&quot;sizes&quot;:[]}}\">\n\t\t\t<div class=\"elementor-widget-wrap elementor-element-populated\">\n\t\t\t\t\t\t<div class=\"elementor-element elementor-element-cf4bfc4 elementor-invisible elementor-widget elementor-widget-heading\" data-id=\"cf4bfc4\" data-element_type=\"widget\" data-e-type=\"widget\" data-settings=\"{&quot;_animation_delay&quot;:400,&quot;_animation&quot;:&quot;fadeIn&quot;}\" data-widget_type=\"heading.default\">\n\t\t\t\t\t<h1 class=\"elementor-heading-title elementor-size-default\">Kontakt<\/h1>\t\t\t\t<\/div>\n\t\t\t\t\t<\/div>\n\t\t<\/div>\n\t\t\t\t\t<\/div>\n\t\t<\/section>\n\t\t\t\t<section class=\"elementor-section elementor-top-section elementor-element elementor-element-4e2db4d elementor-section-boxed elementor-section-height-default elementor-section-height-default\" data-id=\"4e2db4d\" data-element_type=\"section\" data-e-type=\"section\" id=\"nos-contact\">\n\t\t\t\t\t\t<div class=\"elementor-container elementor-column-gap-default\">\n\t\t\t\t\t<div class=\"elementor-column elementor-col-50 elementor-top-column elementor-element elementor-element-31e903c elementor-invisible\" data-id=\"31e903c\" data-element_type=\"column\" data-e-type=\"column\" data-settings=\"{&quot;animation&quot;:&quot;fadeIn&quot;}\">\n\t\t\t<div class=\"elementor-widget-wrap elementor-element-populated\">\n\t\t\t\t\t\t<div class=\"elementor-element elementor-element-1733dad elementor-widget elementor-widget-heading\" data-id=\"1733dad\" data-element_type=\"widget\" data-e-type=\"widget\" data-widget_type=\"heading.default\">\n\t\t\t\t\t<h2 class=\"elementor-heading-title elementor-size-default\">Gasthof Ramstein <br> Hotel*** &amp; Restaurant  <\/h2>\t\t\t\t<\/div>\n\t\t\t\t<div class=\"elementor-element elementor-element-01bdbb7 elementor-widget-divider--view-line elementor-widget elementor-widget-divider\" data-id=\"01bdbb7\" data-element_type=\"widget\" data-e-type=\"widget\" data-widget_type=\"divider.default\">\n\t\t\t\t\t\t\t<div class=\"elementor-divider\">\n\t\t\t<span class=\"elementor-divider-separator\">\n\t\t\t\t\t\t<\/span>\n\t\t<\/div>\n\t\t\t\t\t\t<\/div>\n\t\t\t\t<div class=\"elementor-element elementor-element-009384f elementor-widget elementor-widget-text-editor\" data-id=\"009384f\" data-element_type=\"widget\" data-e-type=\"widget\" data-widget_type=\"text-editor.default\">\n\t\t\t\t\t\t\t\t\t<p>1, rue du Riesling &#8211; Route des Vins d&#8217;Alsace<br> 67750 Scherwiller &#8211; Elsass &#8211; Frankreich<\/p>\n<p><span style=\"text-decoration: underline;\"><a href=\"tel:+33388821700\">+33 (0)3 88 82 17 00  <\/a><\/span><\/p>\n<p><span style=\"text-decoration: underline;\"><a href=\"mailto:info@hotelramstein.fr\">info@hotelramstein.fr<\/a><\/span><\/p>\n<p>\u00d6FFNUNGSZEITEN<br> Das Restaurant ist von Dienstag bis Samstag von 19.00 bis 20.15 Uhr ge\u00f6ffnet.<\/p>\n<p>Sonntagmittag von November bis Juni.<\/p>\n<p>Das Hotel ist 7 Tage die Woche nach vorheriger Reservierung mit einem Zugangscode f\u00fcr Sonntag- und Montagabend ge\u00f6ffnet.<\/p>\n\t\t\t\t\t\t\t\t<\/div>\n\t\t\t\t\t<\/div>\n\t\t<\/div>\n\t\t\t\t<div class=\"elementor-column elementor-col-50 elementor-top-column elementor-element elementor-element-6e8a58b elementor-invisible\" data-id=\"6e8a58b\" data-element_type=\"column\" data-e-type=\"column\" data-settings=\"{&quot;animation&quot;:&quot;fadeIn&quot;,&quot;animation_delay&quot;:400}\">\n\t\t\t<div class=\"elementor-widget-wrap elementor-element-populated\">\n\t\t\t\t\t\t<div class=\"elementor-element elementor-element-175cfef elementor-button-align-stretch elementor-widget elementor-widget-form\" data-id=\"175cfef\" data-element_type=\"widget\" data-e-type=\"widget\" data-settings=\"{&quot;step_next_label&quot;:&quot;N\\u00e4chste&quot;,&quot;step_previous_label&quot;:&quot;Vorherige&quot;,&quot;button_width&quot;:&quot;100&quot;,&quot;step_type&quot;:&quot;number_text&quot;,&quot;step_icon_shape&quot;:&quot;circle&quot;}\" data-widget_type=\"form.default\">\n\t\t\t\t\t\t\t<form class=\"elementor-form\" method=\"post\" name=\"Kontaktformular\" aria-label=\"Kontaktformular\">\n\t\t\t<input type=\"hidden\" name=\"post_id\" value=\"739\"\/>\n\t\t\t<input type=\"hidden\" name=\"form_id\" value=\"175cfef\"\/>\n\t\t\t<input type=\"hidden\" name=\"referer_title\" value=\"Kontakt\" \/>\n\n\t\t\t\t\t\t\t<input type=\"hidden\" name=\"queried_id\" value=\"739\"\/>\n\t\t\t\n\t\t\t<div class=\"elementor-form-fields-wrapper elementor-labels-above\">\n\t\t\t\t\t\t\t\t<div class=\"elementor-field-type-text elementor-field-group elementor-column elementor-field-group-name elementor-col-100\">\n\t\t\t\t\t\t\t\t\t\t\t\t<label for=\"form-field-name\" class=\"elementor-field-label\">\n\t\t\t\t\t\t\t\tName\t\t\t\t\t\t\t<\/label>\n\t\t\t\t\t\t\t\t\t\t\t\t\t\t<input size=\"1\" type=\"text\" name=\"form_fields[name]\" id=\"form-field-name\" class=\"elementor-field elementor-size-sm  elementor-field-textual\" placeholder=\"Name\">\n\t\t\t\t\t\t\t\t\t\t\t<\/div>\n\t\t\t\t\t\t\t\t<div class=\"elementor-field-type-email elementor-field-group elementor-column elementor-field-group-email elementor-col-100 elementor-field-required\">\n\t\t\t\t\t\t\t\t\t\t\t\t<label for=\"form-field-email\" class=\"elementor-field-label\">\n\t\t\t\t\t\t\t\te-mail\t\t\t\t\t\t\t<\/label>\n\t\t\t\t\t\t\t\t\t\t\t\t\t\t<input size=\"1\" type=\"email\" name=\"form_fields[email]\" id=\"form-field-email\" class=\"elementor-field elementor-size-sm  elementor-field-textual\" placeholder=\"e-mail\" required=\"required\">\n\t\t\t\t\t\t\t\t\t\t\t<\/div>\n\t\t\t\t\t\t\t\t<div class=\"elementor-field-type-textarea elementor-field-group elementor-column elementor-field-group-message elementor-col-100\">\n\t\t\t\t\t\t\t\t\t\t\t\t<label for=\"form-field-message\" class=\"elementor-field-label\">\n\t\t\t\t\t\t\t\tMessage\t\t\t\t\t\t\t<\/label>\n\t\t\t\t\t\t<textarea class=\"elementor-field-textual elementor-field  elementor-size-sm\" name=\"form_fields[message]\" id=\"form-field-message\" rows=\"4\" placeholder=\"Message\"><\/textarea>\t\t\t\t<\/div>\n\t\t\t\t\t\t\t\t<div class=\"elementor-field-type-recaptcha_v3 elementor-field-group elementor-column elementor-field-group-field_6340c09 elementor-col-100 recaptcha_v3-bottomright\">\n\t\t\t\t\t<div class=\"elementor-field\" id=\"form-field-field_6340c09\"><div class=\"elementor-g-recaptcha\" data-sitekey=\"6LcoV_QqAAAAAJDtJvxNLjLrdxz-9H_I5kV19GUc\" data-type=\"v3\" data-action=\"Form\" data-badge=\"bottomright\" data-size=\"invisible\"><\/div><\/div>\t\t\t\t<\/div>\n\t\t\t\t\t\t\t\t<div class=\"elementor-field-group elementor-column elementor-field-type-submit elementor-col-100 e-form__buttons\">\n\t\t\t\t\t<button class=\"elementor-button elementor-size-sm\" type=\"submit\">\n\t\t\t\t\t\t<span class=\"elementor-button-content-wrapper\">\n\t\t\t\t\t\t\t\t\t\t\t\t\t\t\t\t\t\t\t\t\t\t<span class=\"elementor-button-text\">Envoyer<\/span>\n\t\t\t\t\t\t\t\t\t\t\t\t\t<\/span>\n\t\t\t\t\t<\/button>\n\t\t\t\t<\/div>\n\t\t\t<\/div>\n\t\t<\/form>\n\t\t\t\t\t\t<\/div>\n\t\t\t\t\t<\/div>\n\t\t<\/div>\n\t\t\t\t\t<\/div>\n\t\t<\/section>\n\t\t\t\t<section class=\"elementor-section elementor-top-section elementor-element elementor-element-7c9d096 elementor-section-boxed elementor-section-height-default elementor-section-height-default\" data-id=\"7c9d096\" data-element_type=\"section\" data-e-type=\"section\">\n\t\t\t\t\t\t<div class=\"elementor-container elementor-column-gap-default\">\n\t\t\t\t\t<div class=\"elementor-column elementor-col-100 elementor-top-column elementor-element elementor-element-0641f15 elementor-invisible\" data-id=\"0641f15\" data-element_type=\"column\" data-e-type=\"column\" data-settings=\"{&quot;animation&quot;:&quot;fadeIn&quot;}\">\n\t\t\t<div class=\"elementor-widget-wrap elementor-element-populated\">\n\t\t\t\t\t\t<div class=\"elementor-element elementor-element-24a9feb elementor-widget elementor-widget-google_maps\" data-id=\"24a9feb\" data-element_type=\"widget\" data-e-type=\"widget\" data-widget_type=\"google_maps.default\">\n\t\t\t\t\t\t\t<div class=\"elementor-custom-embed\">\n\t\t\t<iframe loading=\"lazy\"\n\t\t\t\t\tsrc=\"https:\/\/maps.google.com\/maps?q=Auberge%20Ramstein%20H%C3%B4tel%20-%20Restaurant&#038;t=m&#038;z=11&#038;output=embed&#038;iwloc=near\"\n\t\t\t\t\ttitle=\"Auberge Ramstein H\u00f4tel - Restaurant\"\n\t\t\t\t\taria-label=\"Auberge Ramstein H\u00f4tel - Restaurant\"\n\t\t\t><\/iframe>\n\t\t<\/div>\n\t\t\t\t\t\t<\/div>\n\t\t\t\t\t<\/div>\n\t\t<\/div>\n\t\t\t\t\t<\/div>\n\t\t<\/section>\n\t\t\t\t<section class=\"elementor-section elementor-top-section elementor-element elementor-element-597bc68 elementor-reverse-mobile elementor-section-boxed elementor-section-height-default elementor-section-height-default\" data-id=\"597bc68\" data-element_type=\"section\" data-e-type=\"section\" id=\"comment-venir\" data-settings=\"{&quot;background_background&quot;:&quot;classic&quot;}\">\n\t\t\t\t\t\t<div class=\"elementor-container elementor-column-gap-default\">\n\t\t\t\t\t<div class=\"elementor-column elementor-col-50 elementor-top-column elementor-element elementor-element-687e3b8 elementor-invisible\" data-id=\"687e3b8\" data-element_type=\"column\" data-e-type=\"column\" data-settings=\"{&quot;animation&quot;:&quot;fadeIn&quot;}\">\n\t\t\t<div class=\"elementor-widget-wrap elementor-element-populated\">\n\t\t\t\t\t\t<div class=\"elementor-element elementor-element-9f4063f elementor-widget elementor-widget-image\" data-id=\"9f4063f\" data-element_type=\"widget\" data-e-type=\"widget\" data-widget_type=\"image.default\">\n\t\t\t\t\t\t\t\t\t\t\t\t\t\t\t<img fetchpriority=\"high\" decoding=\"async\" width=\"468\" height=\"689\" src=\"https:\/\/hotelramstein.fr\/wp-content\/uploads\/2024\/09\/route_des_vins_alsace.jpg\" class=\"attachment-large size-large wp-image-1223\" alt=\"\" srcset=\"https:\/\/hotelramstein.fr\/wp-content\/uploads\/2024\/09\/route_des_vins_alsace.jpg 468w, https:\/\/hotelramstein.fr\/wp-content\/uploads\/2024\/09\/route_des_vins_alsace-204x300.jpg 204w\" sizes=\"(max-width: 468px) 100vw, 468px\" \/>\t\t\t\t\t\t\t\t\t\t\t\t\t\t\t<\/div>\n\t\t\t\t\t<\/div>\n\t\t<\/div>\n\t\t\t\t<div class=\"elementor-column elementor-col-50 elementor-top-column elementor-element elementor-element-fa473c3 elementor-invisible\" data-id=\"fa473c3\" data-element_type=\"column\" data-e-type=\"column\" data-settings=\"{&quot;animation&quot;:&quot;fadeIn&quot;,&quot;animation_delay&quot;:400}\">\n\t\t\t<div class=\"elementor-widget-wrap elementor-element-populated\">\n\t\t\t\t\t\t<div class=\"elementor-element elementor-element-0a14049 elementor-widget elementor-widget-heading\" data-id=\"0a14049\" data-element_type=\"widget\" data-e-type=\"widget\" data-widget_type=\"heading.default\">\n\t\t\t\t\t<h2 class=\"elementor-heading-title elementor-size-default\">Wie kann ich kommen?  <\/h2>\t\t\t\t<\/div>\n\t\t\t\t<div class=\"elementor-element elementor-element-31bf72b elementor-widget elementor-widget-text-editor\" data-id=\"31bf72b\" data-element_type=\"widget\" data-e-type=\"widget\" data-widget_type=\"text-editor.default\">\n\t\t\t\t\t\t\t\t\t<p><strong>Mit dem Auto<\/strong><\/p>\n<p>Von der Autobahn A35:<br> nehmen Sie die Ausfahrt Scherwiller.<\/p>\n<p><strong>GPS-Koordinaten<\/strong><\/p>\n<p>Breite: 48.2263903<br> L\u00e4nge: 7.42398<\/p>\n<p><strong>Mit dem Zug<\/strong><\/p>\n<p>Der n\u00e4chstgelegene SNCF-Bahnhof ist S\u00e9lestat, der 5 km entfernt liegt. Die von Stra\u00dfburg ist etwa 55 km entfernt.<em><strong><br>\n<\/strong><\/em><\/p>\n<p><strong>Mit dem Bus<\/strong><\/p>\n<p>Vom Bahnhof S\u00e9lestat aus nehmen Sie den TIS, um zum Hotel zu gelangen. Die Haltestelle vor dem Hotel hei\u00dft &#8222;Dambach&#8220;.<\/p>\n<p><strong>Mit dem Flugzeug<\/strong><\/p>\n<p>Der Flughafen Stra\u00dfburg ist 50 km entfernt, der Flughafen Mulhouse\/Basel 90 km.29178<\/p>\n\t\t\t\t\t\t\t\t<\/div>\n\t\t\t\t\t<\/div>\n\t\t<\/div>\n\t\t\t\t\t<\/div>\n\t\t<\/section>\n\t\t\t\t<section class=\"elementor-section elementor-top-section elementor-element elementor-element-69c479a elementor-reverse-mobile elementor-section-boxed elementor-section-height-default elementor-section-height-default\" data-id=\"69c479a\" data-element_type=\"section\" data-e-type=\"section\" id=\"emploi\">\n\t\t\t\t\t\t<div class=\"elementor-container elementor-column-gap-default\">\n\t\t\t\t\t<div class=\"elementor-column elementor-col-50 elementor-top-column elementor-element elementor-element-4a608c1 elementor-invisible\" data-id=\"4a608c1\" data-element_type=\"column\" data-e-type=\"column\" data-settings=\"{&quot;animation&quot;:&quot;fadeIn&quot;,&quot;animation_delay&quot;:400}\">\n\t\t\t<div class=\"elementor-widget-wrap elementor-element-populated\">\n\t\t\t\t\t\t<div class=\"elementor-element elementor-element-45e3790 elementor-widget elementor-widget-heading\" data-id=\"45e3790\" data-element_type=\"widget\" data-e-type=\"widget\" data-widget_type=\"heading.default\">\n\t\t\t\t\t<h2 class=\"elementor-heading-title elementor-size-default\">Emploi<\/h2>\t\t\t\t<\/div>\n\t\t\t\t<div class=\"elementor-element elementor-element-954dee4 elementor-widget elementor-widget-text-editor\" data-id=\"954dee4\" data-element_type=\"widget\" data-e-type=\"widget\" data-widget_type=\"text-editor.default\">\n\t\t\t\t\t\t\t\t\t<p>&#8211; Apprenti(e) en Cuisine. Seri\u00f6s und motiviert. Lehre bis 30 Jahre (CAP &#8211; BP &#8211; BTS)<\/p>\n<p>Date d\u2019entr\u00e9e \u00e0 convenir ensemble<\/p>\n<p>Vous int\u00e9grerez une petite \u00e9quipe au sein d&#8217;une structure familiale. Vous tournerez \u00e0 tous les postes au cours de votre formation.<\/p>\n<ul>\n<li>14\/20 guide Gault&amp;Millau et r\u00e9f\u00e9renc\u00e9 au Guide Michelin<\/li>\n<li>Table Distingu\u00e9e &#8211; Logis<\/li>\n<li>Chef de Cuisine membre des JRE (Jeunes Restaurateurs)<\/li>\n<\/ul>\n<p>Rufen Sie unter <a href=\"tel:+33388821700\">+33 (0)3 88 82 17 00<\/a> an und fragen Sie nach Herrn Ramstein, am sp\u00e4ten Vormittag oder nach 17.00 Uhr.<\/p>\n\t\t\t\t\t\t\t\t<\/div>\n\t\t\t\t\t<\/div>\n\t\t<\/div>\n\t\t\t\t<div class=\"elementor-column elementor-col-50 elementor-top-column elementor-element elementor-element-28cd836 elementor-invisible\" data-id=\"28cd836\" data-element_type=\"column\" data-e-type=\"column\" data-settings=\"{&quot;animation&quot;:&quot;fadeIn&quot;}\">\n\t\t\t<div class=\"elementor-widget-wrap elementor-element-populated\">\n\t\t\t\t\t\t<div class=\"elementor-element elementor-element-ba7bd20 elementor-widget elementor-widget-image\" data-id=\"ba7bd20\" data-element_type=\"widget\" data-e-type=\"widget\" data-widget_type=\"image.default\">\n\t\t\t\t\t\t\t\t\t\t\t\t\t\t\t<img decoding=\"async\" width=\"800\" height=\"534\" src=\"https:\/\/hotelramstein.fr\/wp-content\/uploads\/2024\/09\/9J1A3545-1024x683.jpg\" class=\"attachment-large size-large wp-image-1189\" alt=\"\" srcset=\"https:\/\/hotelramstein.fr\/wp-content\/uploads\/2024\/09\/9J1A3545-1024x683.jpg 1024w, https:\/\/hotelramstein.fr\/wp-content\/uploads\/2024\/09\/9J1A3545-300x200.jpg 300w, https:\/\/hotelramstein.fr\/wp-content\/uploads\/2024\/09\/9J1A3545-768x512.jpg 768w, https:\/\/hotelramstein.fr\/wp-content\/uploads\/2024\/09\/9J1A3545.jpg 1499w\" sizes=\"(max-width: 800px) 100vw, 800px\" \/>\t\t\t\t\t\t\t\t\t\t\t\t\t\t\t<\/div>\n\t\t\t\t\t<\/div>\n\t\t<\/div>\n\t\t\t\t\t<\/div>\n\t\t<\/section>\n\t\t\t\t<\/div>\n\t\t","protected":false},"excerpt":{"rendered":"<p>Kontakt Gasthof Ramstein Hotel*** &amp; Restaurant 1, rue du Riesling &#8211; Route des Vins d&#8217;Alsace 67750 Scherwiller &#8211; Elsass &#8211; Frankreich +33 (0)3 88 82 17 00 info@hotelramstein.fr \u00d6FFNUNGSZEITEN Das Restaurant ist von Dienstag bis Samstag von 19.00 bis 20.15 Uhr ge\u00f6ffnet. Sonntagmittag von November bis Juni. Das Hotel ist 7 Tage die Woche nach [&hellip;]<\/p>\n","protected":false},"author":2,"featured_media":0,"parent":0,"menu_order":0,"comment_status":"closed","ping_status":"closed","template":"","meta":{"_acf_changed":false,"footnotes":""},"class_list":["post-739","page","type-page","status-publish","hentry"],"acf":[],"_links":{"self":[{"href":"https:\/\/hotelramstein.fr\/de\/wp-json\/wp\/v2\/pages\/739","targetHints":{"allow":["GET"]}}],"collection":[{"href":"https:\/\/hotelramstein.fr\/de\/wp-json\/wp\/v2\/pages"}],"about":[{"href":"https:\/\/hotelramstein.fr\/de\/wp-json\/wp\/v2\/types\/page"}],"author":[{"embeddable":true,"href":"https:\/\/hotelramstein.fr\/de\/wp-json\/wp\/v2\/users\/2"}],"replies":[{"embeddable":true,"href":"https:\/\/hotelramstein.fr\/de\/wp-json\/wp\/v2\/comments?post=739"}],"version-history":[{"count":7,"href":"https:\/\/hotelramstein.fr\/de\/wp-json\/wp\/v2\/pages\/739\/revisions"}],"predecessor-version":[{"id":956,"href":"https:\/\/hotelramstein.fr\/de\/wp-json\/wp\/v2\/pages\/739\/revisions\/956"}],"wp:attachment":[{"href":"https:\/\/hotelramstein.fr\/de\/wp-json\/wp\/v2\/media?parent=739"}],"curies":[{"name":"wp","href":"https:\/\/api.w.org\/{rel}","templated":true}]}}