{"id":776,"date":"2024-09-16T07:20:51","date_gmt":"2024-09-16T05:20:51","guid":{"rendered":"https:\/\/hotelramstein.fr\/geschenk-ideen\/"},"modified":"2025-07-31T14:29:23","modified_gmt":"2025-07-31T12:29:23","slug":"geschenk-ideen","status":"publish","type":"page","link":"https:\/\/hotelramstein.fr\/de\/geschenk-ideen\/","title":{"rendered":"Geschenk Ideen"},"content":{"rendered":"\t\t<div data-elementor-type=\"wp-page\" data-elementor-id=\"776\" class=\"elementor elementor-776 elementor-511\" data-elementor-post-type=\"page\">\n\t\t\t\t\t\t<section class=\"elementor-section elementor-top-section elementor-element elementor-element-f2b2d66 elementor-section-boxed elementor-section-height-default elementor-section-height-default\" data-id=\"f2b2d66\" data-element_type=\"section\" data-e-type=\"section\">\n\t\t\t\t\t\t<div class=\"elementor-container elementor-column-gap-default\">\n\t\t\t\t\t<div class=\"elementor-column elementor-col-100 elementor-top-column elementor-element elementor-element-4f8b9fc\" data-id=\"4f8b9fc\" data-element_type=\"column\" data-e-type=\"column\">\n\t\t\t<div class=\"elementor-widget-wrap elementor-element-populated\">\n\t\t\t\t\t\t<div class=\"elementor-element elementor-element-12d6ccd elementor-widget elementor-widget-products-ajibox\" data-id=\"12d6ccd\" data-element_type=\"widget\" data-e-type=\"widget\" data-widget_type=\"products-ajibox.default\">\n\t\t\t\t<div class=\"elementor-widget-container\">\n\t\t\t\t\t\t\t<div class=\"products\">\n\t\t\t\n\t\t\t\t<div class=\"section-cat\" id=\"846\">\n\n\t\t\t\t\t<div class=\"col-full\">\n\n\t\t\t\t\t\t<div class=\"title-cat\">\n\t\t\t\t\t\t\tS\u00e9jours Gastronomiques\t\t\t\t\t\t\t<div class=\"hr\"><\/div>\n\t\t\t\t\t\t<\/div>\n\n\t\t\t\t\t\t<div class=\"products-cat col2\">\n\n\t\t\t\t\t\t\t\t\t\t\t\t\t\t\t<a class=\"product\" href=\"https:\/\/aji-box.com\/--\/sejour-gastronomique-2-nuitees-2-personnes-auberge-ramstein\/\" target=\"_blank\">\n\t\t\t\t\t\t\t\t\t<div class=\"image\" style=\"background-image:url(https:\/\/aji-box.com\/wp-content\/uploads\/2022\/07\/web-F17A2367.jpg)\">\n\t\t\t\t\t\t\t\t\t<\/div>\n\n\n\t\t\t\t\t\t\t\t\t<div class=\"extra\">\n\n\t\t\t\t\t\t\t\t\t\t<div class=\"title\">\n\t\t\t\t\t\t\t\t\t\t\tS\u00e9jour Gastronomique <br>2 nuit\u00e9es - 2 Personnes\t\t\t\t\t\t\t\t\t\t<\/div>\n\n\t\t\t\t\t\t\t\t\t\t\n\t\t\t\t\t\t\t\t\t\t<div class=\"desc\">\n\t\t\t\t\t\t\t\t\t\t\t\t\t\t\t\t\t\t\t\t\t\t<p>Un s\u00e9jour gastronomique au coeur du vignoble alsacien.\nS\u00e9jour 2 nuit\u00e9es comprenant pour 2 personnes :\n1 Chambre 2 personnes + Petit D\u00e9jeuner buffet\n2 x 2 ...\t\t\t\t\t\t\t\t\t\t<\/div>\n\n\t\t\t\t\t\t\t\t\t\t<div class=\"link link-a\">\n\t\t\t\t\t\t\t\t\t\t\tDiscover\t\t\t\t\t\t\t\t\t\t<\/div>\n\n\t\t\t\t\t\t\t\t\t<\/div>\n\n\n\t\t\t\t\t\t\t\t<\/a>\n\t\t\t\t\t\t\t\t\t\t\t\t\t\t\t<a class=\"product\" href=\"https:\/\/aji-box.com\/--\/sejour-gastronomique-1-nuitee-2-personnes-auberge-ramstein\/\" target=\"_blank\">\n\t\t\t\t\t\t\t\t\t<div class=\"image\" style=\"background-image:url(https:\/\/aji-box.com\/wp-content\/uploads\/2022\/07\/web-F17A2374.jpg)\">\n\t\t\t\t\t\t\t\t\t<\/div>\n\n\n\t\t\t\t\t\t\t\t\t<div class=\"extra\">\n\n\t\t\t\t\t\t\t\t\t\t<div class=\"title\">\n\t\t\t\t\t\t\t\t\t\t\tS\u00e9jour Gastronomique <br> 1 nuit\u00e9e - 2 Personnes\t\t\t\t\t\t\t\t\t\t<\/div>\n\n\t\t\t\t\t\t\t\t\t\t\n\t\t\t\t\t\t\t\t\t\t<div class=\"desc\">\n\t\t\t\t\t\t\t\t\t\t\t\t\t\t\t\t\t\t\t\t\t\t<p>Un s\u00e9jour gastronomique au coeur du vignoble alsacien.\nS\u00e9jour 1 nuit\u00e9e comprenant pour 2 personnes :\n1 Chambre 2 personnes + Petit D\u00e9jeuner buffet\n2 D\u00eener...\t\t\t\t\t\t\t\t\t\t<\/div>\n\n\t\t\t\t\t\t\t\t\t\t<div class=\"link link-a\">\n\t\t\t\t\t\t\t\t\t\t\tDiscover\t\t\t\t\t\t\t\t\t\t<\/div>\n\n\t\t\t\t\t\t\t\t\t<\/div>\n\n\n\t\t\t\t\t\t\t\t<\/a>\n\t\t\t\t\t\t\t\n\t\t\t\t\t\t<\/div>\n\n\t\t\t\t\t<\/div>\n\n\t\t\t\t<\/div>\n\n\n\n\t\t\t\t\n\t\t\t\t<div class=\"section-cat\" id=\"842\">\n\n\t\t\t\t\t<div class=\"col-full\">\n\n\t\t\t\t\t\t<div class=\"title-cat\">\n\t\t\t\t\t\t\tS\u00e9jours\t\t\t\t\t\t\t<div class=\"hr\"><\/div>\n\t\t\t\t\t\t<\/div>\n\n\t\t\t\t\t\t<div class=\"products-cat col2\">\n\n\t\t\t\t\t\t\t\t\t\t\t\t\t\t\t<a class=\"product\" href=\"https:\/\/aji-box.com\/--\/chambre-2-personnes-avec-petit-dejeuner-auberge-ramstein\/\" target=\"_blank\">\n\t\t\t\t\t\t\t\t\t<div class=\"image\" style=\"background-image:url(https:\/\/aji-box.com\/wp-content\/uploads\/2022\/07\/F17A2439-scaled.jpg)\">\n\t\t\t\t\t\t\t\t\t<\/div>\n\n\n\t\t\t\t\t\t\t\t\t<div class=\"extra\">\n\n\t\t\t\t\t\t\t\t\t\t<div class=\"title\">\n\t\t\t\t\t\t\t\t\t\t\tChambre 2 Personnes <br> avec Petit-D\u00e9jeuner\t\t\t\t\t\t\t\t\t\t<\/div>\n\n\t\t\t\t\t\t\t\t\t\t\n\t\t\t\t\t\t\t\t\t\t<div class=\"desc\">\n\t\t\t\t\t\t\t\t\t\t\t\t\t\t\t\t\t\t\t\t\t\t<p>Un s\u00e9jour calme et romantique au coeur du vignoble alsacien.<\/p>\n\t\t\t\t\t\t\t\t\t\t<\/div>\n\n\t\t\t\t\t\t\t\t\t\t<div class=\"link link-a\">\n\t\t\t\t\t\t\t\t\t\t\tDiscover\t\t\t\t\t\t\t\t\t\t<\/div>\n\n\t\t\t\t\t\t\t\t\t<\/div>\n\n\n\t\t\t\t\t\t\t\t<\/a>\n\t\t\t\t\t\t\t\n\t\t\t\t\t\t<\/div>\n\n\t\t\t\t\t<\/div>\n\n\t\t\t\t<\/div>\n\n\n\n\t\t\t\t\n\t\t\t\t<div class=\"section-cat\" id=\"838\">\n\n\t\t\t\t\t<div class=\"col-full\">\n\n\t\t\t\t\t\t<div class=\"title-cat\">\n\t\t\t\t\t\t\tGastronomie\t\t\t\t\t\t\t<div class=\"hr\"><\/div>\n\t\t\t\t\t\t<\/div>\n\n\t\t\t\t\t\t<div class=\"products-cat col2\">\n\n\t\t\t\t\t\t\t\t\t\t\t\t\t\t\t<a class=\"product\" href=\"https:\/\/aji-box.com\/--\/menu-decouverte-4-plats-2-personnes-auberge-ramstein\/\" target=\"_blank\">\n\t\t\t\t\t\t\t\t\t<div class=\"image\" style=\"background-image:url(https:\/\/aji-box.com\/wp-content\/uploads\/2024\/09\/240911_Auberge-Ramstein7623Lucas-MULLER-Lukam-scaled.jpg)\">\n\t\t\t\t\t\t\t\t\t<\/div>\n\n\n\t\t\t\t\t\t\t\t\t<div class=\"extra\">\n\n\t\t\t\t\t\t\t\t\t\t<div class=\"title\">\n\t\t\t\t\t\t\t\t\t\t\tMenu D\u00e9couverte  <br> 4 plats - 2 Personnes\t\t\t\t\t\t\t\t\t\t<\/div>\n\n\t\t\t\t\t\t\t\t\t\t\t\t\t\t\t\t\t\t\t\t\t<div class=\"price\">\n\t\t\t\t\t\t\t\t\t\t\t\t<span class=\"woocommerce-Price-amount amount\"><bdi>130&nbsp;<span class=\"woocommerce-Price-currencySymbol\">&euro;<\/span><\/bdi><\/span>\t\t\t\t\t\t\t\t\t\t\t<\/div>\n\t\t\t\t\t\t\t\t\t\t\n\t\t\t\t\t\t\t\t\t\t<div class=\"desc\">\n\t\t\t\t\t\t\t\t\t\t\t\t\t\t\t\t\t\t\t\t\t\t<p>Par personne :\nMenu en 4 plats (Amuse-bouche, entr\u00e9e, poisson, viande, dessert)\nUNIQUEMENT LE SOIR du mardi au samedi inclus.<\/p>\n<p>&nbsp;<\/p>\n\t\t\t\t\t\t\t\t\t\t<\/div>\n\n\t\t\t\t\t\t\t\t\t\t<div class=\"link link-a\">\n\t\t\t\t\t\t\t\t\t\t\tDiscover\t\t\t\t\t\t\t\t\t\t<\/div>\n\n\t\t\t\t\t\t\t\t\t<\/div>\n\n\n\t\t\t\t\t\t\t\t<\/a>\n\t\t\t\t\t\t\t\t\t\t\t\t\t\t\t<a class=\"product\" href=\"https:\/\/aji-box.com\/--\/menu-decouverte-3-plats-2-personnes-auberge-ramstein\/\" target=\"_blank\">\n\t\t\t\t\t\t\t\t\t<div class=\"image\" style=\"background-image:url(https:\/\/aji-box.com\/wp-content\/uploads\/2024\/09\/240911_Auberge-Ramstein7574Lucas-MULLER-Lukam-scaled.jpg)\">\n\t\t\t\t\t\t\t\t\t<\/div>\n\n\n\t\t\t\t\t\t\t\t\t<div class=\"extra\">\n\n\t\t\t\t\t\t\t\t\t\t<div class=\"title\">\n\t\t\t\t\t\t\t\t\t\t\tMenu D\u00e9couverte  <br> 3 plats - 2 Personnes\t\t\t\t\t\t\t\t\t\t<\/div>\n\n\t\t\t\t\t\t\t\t\t\t\t\t\t\t\t\t\t\t\t\t\t<div class=\"price\">\n\t\t\t\t\t\t\t\t\t\t\t\t<span class=\"woocommerce-Price-amount amount\"><bdi>110&nbsp;<span class=\"woocommerce-Price-currencySymbol\">&euro;<\/span><\/bdi><\/span>\t\t\t\t\t\t\t\t\t\t\t<\/div>\n\t\t\t\t\t\t\t\t\t\t\n\t\t\t\t\t\t\t\t\t\t<div class=\"desc\">\n\t\t\t\t\t\t\t\t\t\t\t\t\t\t\t\t\t\t\t\t\t\t<p>Par personne :\nMenu en 3 plats (Amuse-bouche, entr\u00e9e, plat , dessert)\nUNIQUEMENT LE SOIR du mardi au samedi inclus.<\/p>\n<p>&nbsp;<\/p>\n\t\t\t\t\t\t\t\t\t\t<\/div>\n\n\t\t\t\t\t\t\t\t\t\t<div class=\"link link-a\">\n\t\t\t\t\t\t\t\t\t\t\tDiscover\t\t\t\t\t\t\t\t\t\t<\/div>\n\n\t\t\t\t\t\t\t\t\t<\/div>\n\n\n\t\t\t\t\t\t\t\t<\/a>\n\t\t\t\t\t\t\t\n\t\t\t\t\t\t<\/div>\n\n\t\t\t\t\t<\/div>\n\n\t\t\t\t<\/div>\n\n\n\n\t\t\t\t\n\t\t\t\t<div class=\"section-cat\" id=\"837\">\n\n\t\t\t\t\t<div class=\"col-full\">\n\n\t\t\t\t\t\t<div class=\"title-cat\">\n\t\t\t\t\t\t\tCh\u00e8ques Cadeaux\t\t\t\t\t\t\t<div class=\"hr\"><\/div>\n\t\t\t\t\t\t<\/div>\n\n\t\t\t\t\t\t<div class=\"products-cat col3\">\n\n\t\t\t\t\t\t\t\t\t\t\t\t\t\t\t<a class=\"product\" href=\"https:\/\/aji-box.com\/--\/cheque-cadeau-200e-auberge-ramstein\/\" target=\"_blank\">\n\t\t\t\t\t\t\t\t\t<div class=\"image\" style=\"background-image:url(https:\/\/aji-box.com\/wp-content\/uploads\/2022\/07\/ramstein_logo_carre_aji_box.png)\">\n\t\t\t\t\t\t\t\t\t<\/div>\n\n\n\t\t\t\t\t\t\t\t\t<div class=\"extra\">\n\n\t\t\t\t\t\t\t\t\t\t<div class=\"title\">\n\t\t\t\t\t\t\t\t\t\t\tCh\u00e8que Cadeau 200\u20ac\t\t\t\t\t\t\t\t\t\t<\/div>\n\n\t\t\t\t\t\t\t\t\t\t\t\t\t\t\t\t\t\t\t\t\t<div class=\"price\">\n\t\t\t\t\t\t\t\t\t\t\t\t<span class=\"woocommerce-Price-amount amount\"><bdi>200&nbsp;<span class=\"woocommerce-Price-currencySymbol\">&euro;<\/span><\/bdi><\/span>\t\t\t\t\t\t\t\t\t\t\t<\/div>\n\t\t\t\t\t\t\t\t\t\t\n\t\t\t\t\t\t\t\t\t\t<div class=\"desc\">\n\t\t\t\t\t\t\t\t\t\t\t\t\t\t\t\t\t\t\t\t\t\t\t\t\t\t\t\t\t\t\t\t<\/div>\n\n\t\t\t\t\t\t\t\t\t\t<div class=\"link link-a\">\n\t\t\t\t\t\t\t\t\t\t\tDiscover\t\t\t\t\t\t\t\t\t\t<\/div>\n\n\t\t\t\t\t\t\t\t\t<\/div>\n\n\n\t\t\t\t\t\t\t\t<\/a>\n\t\t\t\t\t\t\t\t\t\t\t\t\t\t\t<a class=\"product\" href=\"https:\/\/aji-box.com\/--\/cheque-cadeau-valeur-au-choix-auberge-ramstein\/\" target=\"_blank\">\n\t\t\t\t\t\t\t\t\t<div class=\"image\" style=\"background-image:url(https:\/\/aji-box.com\/wp-content\/uploads\/2022\/07\/ramstein_logo_carre_aji_box.png)\">\n\t\t\t\t\t\t\t\t\t<\/div>\n\n\n\t\t\t\t\t\t\t\t\t<div class=\"extra\">\n\n\t\t\t\t\t\t\t\t\t\t<div class=\"title\">\n\t\t\t\t\t\t\t\t\t\t\tCh\u00e8que Cadeau <br>Valeur au Choix\t\t\t\t\t\t\t\t\t\t<\/div>\n\n\t\t\t\t\t\t\t\t\t\t\n\t\t\t\t\t\t\t\t\t\t<div class=\"desc\">\n\t\t\t\t\t\t\t\t\t\t\t\t\t\t\t\t\t\t\t\t\t\t\t\t\t\t\t\t\t\t\t\t<\/div>\n\n\t\t\t\t\t\t\t\t\t\t<div class=\"link link-a\">\n\t\t\t\t\t\t\t\t\t\t\tDiscover\t\t\t\t\t\t\t\t\t\t<\/div>\n\n\t\t\t\t\t\t\t\t\t<\/div>\n\n\n\t\t\t\t\t\t\t\t<\/a>\n\t\t\t\t\t\t\t\t\t\t\t\t\t\t\t<a class=\"product\" href=\"https:\/\/aji-box.com\/--\/cheque-cadeau-150e-auberge-ramstein\/\" target=\"_blank\">\n\t\t\t\t\t\t\t\t\t<div class=\"image\" style=\"background-image:url(https:\/\/aji-box.com\/wp-content\/uploads\/2022\/07\/ramstein_logo_carre_aji_box.png)\">\n\t\t\t\t\t\t\t\t\t<\/div>\n\n\n\t\t\t\t\t\t\t\t\t<div class=\"extra\">\n\n\t\t\t\t\t\t\t\t\t\t<div class=\"title\">\n\t\t\t\t\t\t\t\t\t\t\tCh\u00e8que Cadeau 150\u20ac\t\t\t\t\t\t\t\t\t\t<\/div>\n\n\t\t\t\t\t\t\t\t\t\t\t\t\t\t\t\t\t\t\t\t\t<div class=\"price\">\n\t\t\t\t\t\t\t\t\t\t\t\t<span class=\"woocommerce-Price-amount amount\"><bdi>150&nbsp;<span class=\"woocommerce-Price-currencySymbol\">&euro;<\/span><\/bdi><\/span>\t\t\t\t\t\t\t\t\t\t\t<\/div>\n\t\t\t\t\t\t\t\t\t\t\n\t\t\t\t\t\t\t\t\t\t<div class=\"desc\">\n\t\t\t\t\t\t\t\t\t\t\t\t\t\t\t\t\t\t\t\t\t\t\t\t\t\t\t\t\t\t\t\t<\/div>\n\n\t\t\t\t\t\t\t\t\t\t<div class=\"link link-a\">\n\t\t\t\t\t\t\t\t\t\t\tDiscover\t\t\t\t\t\t\t\t\t\t<\/div>\n\n\t\t\t\t\t\t\t\t\t<\/div>\n\n\n\t\t\t\t\t\t\t\t<\/a>\n\t\t\t\t\t\t\t\t\t\t\t\t\t\t\t<a class=\"product\" href=\"https:\/\/aji-box.com\/--\/cheque-cadeau-100e-auberge-ramstein\/\" target=\"_blank\">\n\t\t\t\t\t\t\t\t\t<div class=\"image\" style=\"background-image:url(https:\/\/aji-box.com\/wp-content\/uploads\/2022\/07\/ramstein_logo_carre_aji_box.png)\">\n\t\t\t\t\t\t\t\t\t<\/div>\n\n\n\t\t\t\t\t\t\t\t\t<div class=\"extra\">\n\n\t\t\t\t\t\t\t\t\t\t<div class=\"title\">\n\t\t\t\t\t\t\t\t\t\t\tCh\u00e8que Cadeau 100\u20ac\t\t\t\t\t\t\t\t\t\t<\/div>\n\n\t\t\t\t\t\t\t\t\t\t\t\t\t\t\t\t\t\t\t\t\t<div class=\"price\">\n\t\t\t\t\t\t\t\t\t\t\t\t<span class=\"woocommerce-Price-amount amount\"><bdi>100&nbsp;<span class=\"woocommerce-Price-currencySymbol\">&euro;<\/span><\/bdi><\/span>\t\t\t\t\t\t\t\t\t\t\t<\/div>\n\t\t\t\t\t\t\t\t\t\t\n\t\t\t\t\t\t\t\t\t\t<div class=\"desc\">\n\t\t\t\t\t\t\t\t\t\t\t\t\t\t\t\t\t\t\t\t\t\t\t\t\t\t\t\t\t\t\t\t<\/div>\n\n\t\t\t\t\t\t\t\t\t\t<div class=\"link link-a\">\n\t\t\t\t\t\t\t\t\t\t\tDiscover\t\t\t\t\t\t\t\t\t\t<\/div>\n\n\t\t\t\t\t\t\t\t\t<\/div>\n\n\n\t\t\t\t\t\t\t\t<\/a>\n\t\t\t\t\t\t\t\t\t\t\t\t\t\t\t<a class=\"product\" href=\"https:\/\/aji-box.com\/--\/cheque-cadeau-50e-auberge-ramstein\/\" target=\"_blank\">\n\t\t\t\t\t\t\t\t\t<div class=\"image\" style=\"background-image:url(https:\/\/aji-box.com\/wp-content\/uploads\/2022\/07\/ramstein_logo_carre_aji_box.png)\">\n\t\t\t\t\t\t\t\t\t<\/div>\n\n\n\t\t\t\t\t\t\t\t\t<div class=\"extra\">\n\n\t\t\t\t\t\t\t\t\t\t<div class=\"title\">\n\t\t\t\t\t\t\t\t\t\t\tCh\u00e8que Cadeau 50\u20ac\t\t\t\t\t\t\t\t\t\t<\/div>\n\n\t\t\t\t\t\t\t\t\t\t\t\t\t\t\t\t\t\t\t\t\t<div class=\"price\">\n\t\t\t\t\t\t\t\t\t\t\t\t<span class=\"woocommerce-Price-amount amount\"><bdi>50&nbsp;<span class=\"woocommerce-Price-currencySymbol\">&euro;<\/span><\/bdi><\/span>\t\t\t\t\t\t\t\t\t\t\t<\/div>\n\t\t\t\t\t\t\t\t\t\t\n\t\t\t\t\t\t\t\t\t\t<div class=\"desc\">\n\t\t\t\t\t\t\t\t\t\t\t\t\t\t\t\t\t\t\t\t\t\t\t\t\t\t\t\t\t\t\t\t<\/div>\n\n\t\t\t\t\t\t\t\t\t\t<div class=\"link link-a\">\n\t\t\t\t\t\t\t\t\t\t\tDiscover\t\t\t\t\t\t\t\t\t\t<\/div>\n\n\t\t\t\t\t\t\t\t\t<\/div>\n\n\n\t\t\t\t\t\t\t\t<\/a>\n\t\t\t\t\t\t\t\n\t\t\t\t\t\t<\/div>\n\n\t\t\t\t\t<\/div>\n\n\t\t\t\t<\/div>\n\n\n\n\t\t\t\t\n\n\t\t\t\n\n\n\t\t<\/div>\n\n\t\t\t\t\t\t<\/div>\n\t\t\t\t<\/div>\n\t\t\t\t\t<\/div>\n\t\t<\/div>\n\t\t\t\t\t<\/div>\n\t\t<\/section>\n\t\t\t\t<\/div>\n\t\t","protected":false},"excerpt":{"rendered":"<p>S\u00e9jours Gastronomiques S\u00e9jour Gastronomique 2 nuit\u00e9es &#8211; 2 Personnes Un s\u00e9jour gastronomique au coeur du vignoble alsacien. S\u00e9jour 2 nuit\u00e9es comprenant pour 2 personnes : 1 Chambre 2 personnes + Petit D\u00e9jeuner buffet 2 x 2 &#8230; D\u00e9couvrir S\u00e9jour Gastronomique 1 nuit\u00e9e &#8211; 2 Personnes Un s\u00e9jour gastronomique au coeur du vignoble alsacien. S\u00e9jour 1 [&hellip;]<\/p>\n","protected":false},"author":2,"featured_media":0,"parent":0,"menu_order":0,"comment_status":"closed","ping_status":"closed","template":"","meta":{"_acf_changed":false,"footnotes":""},"class_list":["post-776","page","type-page","status-publish","hentry"],"acf":[],"_links":{"self":[{"href":"https:\/\/hotelramstein.fr\/de\/wp-json\/wp\/v2\/pages\/776","targetHints":{"allow":["GET"]}}],"collection":[{"href":"https:\/\/hotelramstein.fr\/de\/wp-json\/wp\/v2\/pages"}],"about":[{"href":"https:\/\/hotelramstein.fr\/de\/wp-json\/wp\/v2\/types\/page"}],"author":[{"embeddable":true,"href":"https:\/\/hotelramstein.fr\/de\/wp-json\/wp\/v2\/users\/2"}],"replies":[{"embeddable":true,"href":"https:\/\/hotelramstein.fr\/de\/wp-json\/wp\/v2\/comments?post=776"}],"version-history":[{"count":5,"href":"https:\/\/hotelramstein.fr\/de\/wp-json\/wp\/v2\/pages\/776\/revisions"}],"predecessor-version":[{"id":1538,"href":"https:\/\/hotelramstein.fr\/de\/wp-json\/wp\/v2\/pages\/776\/revisions\/1538"}],"wp:attachment":[{"href":"https:\/\/hotelramstein.fr\/de\/wp-json\/wp\/v2\/media?parent=776"}],"curies":[{"name":"wp","href":"https:\/\/api.w.org\/{rel}","templated":true}]}}